{"id":65,"date":"2020-09-01T12:59:37","date_gmt":"2020-09-01T10:59:37","guid":{"rendered":"https:\/\/neu.lfi.rwth-aachen.de\/?page_id=65"},"modified":"2025-04-14T14:32:23","modified_gmt":"2025-04-14T12:32:23","slug":"unesco","status":"publish","type":"page","link":"https:\/\/lfi.rwth-aachen.de\/en\/unesco\/","title":{"rendered":"UNESCO"},"content":{"rendered":"<div data-elementor-type=\"wp-page\" data-elementor-id=\"65\" class=\"elementor elementor-65\" data-elementor-post-type=\"page\">\n\t\t\t\t\t\t<section class=\"elementor-section elementor-top-section elementor-element elementor-element-7d82129 elementor-section-height-min-height elementor-hidden-tablet elementor-hidden-phone elementor-section-boxed elementor-section-height-default elementor-section-items-middle\" data-id=\"7d82129\" data-element_type=\"section\" data-settings=\"{&quot;background_background&quot;:&quot;classic&quot;,&quot;jet_parallax_layout_list&quot;:[]}\">\n\t\t\t\t\t\t<div class=\"elementor-container elementor-column-gap-default\">\n\t\t\t\t\t<div class=\"elementor-column elementor-col-100 elementor-top-column elementor-element elementor-element-993a987\" data-id=\"993a987\" data-element_type=\"column\">\n\t\t\t<div class=\"elementor-widget-wrap\">\n\t\t\t\t\t\t\t<\/div>\n\t\t<\/div>\n\t\t\t\t\t<\/div>\n\t\t<\/section>\n\t\t\t\t<section class=\"elementor-section elementor-top-section elementor-element elementor-element-17e1264 elementor-hidden-desktop elementor-section-boxed elementor-section-height-default elementor-section-height-default\" data-id=\"17e1264\" data-element_type=\"section\" data-settings=\"{&quot;background_background&quot;:&quot;classic&quot;,&quot;jet_parallax_layout_list&quot;:[]}\">\n\t\t\t\t\t\t<div class=\"elementor-container elementor-column-gap-default\">\n\t\t\t\t\t<div class=\"elementor-column elementor-col-100 elementor-top-column elementor-element elementor-element-9cd281e\" data-id=\"9cd281e\" data-element_type=\"column\">\n\t\t\t<div class=\"elementor-widget-wrap elementor-element-populated\">\n\t\t\t\t\t\t<div class=\"elementor-element elementor-element-4841678 elementor-widget elementor-widget-image\" data-id=\"4841678\" data-element_type=\"widget\" data-widget_type=\"image.default\">\n\t\t\t\t<div class=\"elementor-widget-container\">\n\t\t\t\t\t\t\t\t\t\t\t\t\t\t\t<img fetchpriority=\"high\" decoding=\"async\" width=\"800\" height=\"323\" src=\"https:\/\/lfi.rwth-aachen.de\/wp-content\/uploads\/2021\/02\/Unesco-Chair_HydroChange_DE-1024x414.jpg\" class=\"attachment-large size-large wp-image-3319\" alt=\"\" srcset=\"https:\/\/lfi.rwth-aachen.de\/wp-content\/uploads\/2021\/02\/Unesco-Chair_HydroChange_DE-1024x414.jpg 1024w, https:\/\/lfi.rwth-aachen.de\/wp-content\/uploads\/2021\/02\/Unesco-Chair_HydroChange_DE-300x121.jpg 300w, https:\/\/lfi.rwth-aachen.de\/wp-content\/uploads\/2021\/02\/Unesco-Chair_HydroChange_DE-768x310.jpg 768w, https:\/\/lfi.rwth-aachen.de\/wp-content\/uploads\/2021\/02\/Unesco-Chair_HydroChange_DE.jpg 1040w\" sizes=\"(max-width: 800px) 100vw, 800px\" \/>\t\t\t\t\t\t\t\t\t\t\t\t\t\t\t<\/div>\n\t\t\t\t<\/div>\n\t\t\t\t\t<\/div>\n\t\t<\/div>\n\t\t\t\t\t<\/div>\n\t\t<\/section>\n\t\t\t\t<section class=\"elementor-section elementor-top-section elementor-element elementor-element-a6c99e3 elementor-section-boxed elementor-section-height-default elementor-section-height-default\" data-id=\"a6c99e3\" data-element_type=\"section\" data-settings=\"{&quot;jet_parallax_layout_list&quot;:[]}\">\n\t\t\t\t\t\t<div class=\"elementor-container elementor-column-gap-default\">\n\t\t\t\t\t<div class=\"elementor-column elementor-col-100 elementor-top-column elementor-element elementor-element-e6097a3\" data-id=\"e6097a3\" data-element_type=\"column\">\n\t\t\t<div class=\"elementor-widget-wrap elementor-element-populated\">\n\t\t\t\t\t\t<div class=\"elementor-element elementor-element-6ec6445 elementor-widget elementor-widget-heading\" data-id=\"6ec6445\" data-element_type=\"widget\" data-widget_type=\"heading.default\">\n\t\t\t\t<div class=\"elementor-widget-container\">\n\t\t\t\t\t<h4 class=\"elementor-heading-title elementor-size-default\">Chair of Hydrological Change and Water Resources Management<\/h4>\t\t\t\t<\/div>\n\t\t\t\t<\/div>\n\t\t\t\t<div class=\"elementor-element elementor-element-adbfaaf elementor-widget elementor-widget-text-editor\" data-id=\"adbfaaf\" data-element_type=\"widget\" data-widget_type=\"text-editor.default\">\n\t\t\t\t<div class=\"elementor-widget-container\">\n\t\t\t\t\t\t\t\t\t<p>Since the summer of 2010, the UNESCO Chair on Hydrological Change and Water Resources Management has been based at RWTH Aachen University. The management of this UNESCO Chair is the responsibility of the Department of Engineering Hydrology. A key mandate of this UNESCO Chair is to promote lifelong learning, encompassing all levels from early childhood education to higher education and continuing education. Additionally, the Chair is tasked with developing targeted knowledge transfer initiatives supported by media. The UNESCO Chair is involved in various international projects, with a special focus on Open Educational Resources and VR-software for education.<\/p>\t\t\t\t\t\t\t\t<\/div>\n\t\t\t\t<\/div>\n\t\t\t\t\t<\/div>\n\t\t<\/div>\n\t\t\t\t\t<\/div>\n\t\t<\/section>\n\t\t\t\t<section class=\"elementor-section elementor-top-section elementor-element elementor-element-63a0e80 elementor-section-boxed elementor-section-height-default elementor-section-height-default\" data-id=\"63a0e80\" data-element_type=\"section\" data-settings=\"{&quot;jet_parallax_layout_list&quot;:[]}\">\n\t\t\t\t\t\t<div class=\"elementor-container elementor-column-gap-default\">\n\t\t\t\t\t<div class=\"elementor-column elementor-col-100 elementor-top-column elementor-element elementor-element-0d48ce6\" data-id=\"0d48ce6\" data-element_type=\"column\">\n\t\t\t<div class=\"elementor-widget-wrap elementor-element-populated\">\n\t\t\t\t\t\t<div class=\"elementor-element elementor-element-f75d8b7 elementor-widget elementor-widget-heading\" data-id=\"f75d8b7\" data-element_type=\"widget\" data-widget_type=\"heading.default\">\n\t\t\t\t<div class=\"elementor-widget-container\">\n\t\t\t\t\t<h4 class=\"elementor-heading-title elementor-size-default\">Funded projects<\/h4>\t\t\t\t<\/div>\n\t\t\t\t<\/div>\n\t\t\t\t<section class=\"elementor-section elementor-inner-section elementor-element elementor-element-b11ca95 elementor-section-boxed elementor-section-height-default elementor-section-height-default\" data-id=\"b11ca95\" data-element_type=\"section\" data-settings=\"{&quot;jet_parallax_layout_list&quot;:[]}\">\n\t\t\t\t\t\t<div class=\"elementor-container elementor-column-gap-default\">\n\t\t\t\t\t<div class=\"elementor-column elementor-col-50 elementor-inner-column elementor-element elementor-element-cabe9c8\" data-id=\"cabe9c8\" data-element_type=\"column\">\n\t\t\t<div class=\"elementor-widget-wrap elementor-element-populated\">\n\t\t\t\t\t\t<div class=\"elementor-element elementor-element-57587f3 elementor-widget elementor-widget-image\" data-id=\"57587f3\" data-element_type=\"widget\" data-widget_type=\"image.default\">\n\t\t\t\t<div class=\"elementor-widget-container\">\n\t\t\t\t\t\t\t\t\t\t\t\t\t\t\t\t<a href=\"https:\/\/oer-vlc.de\" target=\"_blank\" rel=\"noopener\">\n\t\t\t\t\t\t\t<img decoding=\"async\" width=\"800\" height=\"495\" src=\"https:\/\/lfi.rwth-aachen.de\/wp-content\/uploads\/2021\/10\/firefox_Ws4ESfF67w-1024x633.png\" class=\"attachment-large size-large wp-image-4331\" alt=\"\" srcset=\"https:\/\/lfi.rwth-aachen.de\/wp-content\/uploads\/2021\/10\/firefox_Ws4ESfF67w-1024x633.png 1024w, https:\/\/lfi.rwth-aachen.de\/wp-content\/uploads\/2021\/10\/firefox_Ws4ESfF67w-300x186.png 300w, https:\/\/lfi.rwth-aachen.de\/wp-content\/uploads\/2021\/10\/firefox_Ws4ESfF67w-768x475.png 768w, https:\/\/lfi.rwth-aachen.de\/wp-content\/uploads\/2021\/10\/firefox_Ws4ESfF67w-18x12.png 18w, https:\/\/lfi.rwth-aachen.de\/wp-content\/uploads\/2021\/10\/firefox_Ws4ESfF67w.png 1253w\" sizes=\"(max-width: 800px) 100vw, 800px\" \/>\t\t\t\t\t\t\t\t<\/a>\n\t\t\t\t\t\t\t\t\t\t\t\t\t\t\t<\/div>\n\t\t\t\t<\/div>\n\t\t\t\t<div class=\"elementor-element elementor-element-760e964 elementor-widget elementor-widget-heading\" data-id=\"760e964\" data-element_type=\"widget\" data-widget_type=\"heading.default\">\n\t\t\t\t<div class=\"elementor-widget-container\">\n\t\t\t\t\t<h2 class=\"elementor-heading-title elementor-size-default\">The Virtual Linguistics Campus<\/h2>\t\t\t\t<\/div>\n\t\t\t\t<\/div>\n\t\t\t\t<div class=\"elementor-element elementor-element-a23456c elementor-widget elementor-widget-text-editor\" data-id=\"a23456c\" data-element_type=\"widget\" data-widget_type=\"text-editor.default\">\n\t\t\t\t<div class=\"elementor-widget-container\">\n\t\t\t\t\t\t\t\t\t<p>ArsLegendi Award winner Prof. J\u00fcrgen Handke was looking for a new home for his large collection of teaching and learning modules from the Linguistics Campus.<\/p><p>He did that with us on an independent <a href=\"https:\/\/oer-vlc.de\/\" target=\"_blank\" rel=\"noopener\">Moodle-Platform.<\/a> We are very pleased to be able to support his initiative to provide open educational resources in the sense of the UNESCO OER Declaration. Currently (October 2021), users from 150 countries are already registered on the platform.<\/p>\t\t\t\t\t\t\t\t<\/div>\n\t\t\t\t<\/div>\n\t\t\t\t<div class=\"elementor-element elementor-element-d4b449d elementor-absolute elementor-widget elementor-widget-button\" data-id=\"d4b449d\" data-element_type=\"widget\" data-settings=\"{&quot;_position&quot;:&quot;absolute&quot;}\" data-widget_type=\"button.default\">\n\t\t\t\t<div class=\"elementor-widget-container\">\n\t\t\t\t\t\t\t\t\t<div class=\"elementor-button-wrapper\">\n\t\t\t\t\t<a class=\"elementor-button elementor-button-link elementor-size-sm\" href=\"https:\/\/oer-vlc.de\" target=\"_blank\" rel=\"noopener\">\n\t\t\t\t\t\t<span class=\"elementor-button-content-wrapper\">\n\t\t\t\t\t\t<span class=\"elementor-button-icon\">\n\t\t\t\t<i aria-hidden=\"true\" class=\"fas fa-external-link-alt\"><\/i>\t\t\t<\/span>\n\t\t\t\t\t\t\t\t\t<span class=\"elementor-button-text\">Visit Website<\/span>\n\t\t\t\t\t<\/span>\n\t\t\t\t\t<\/a>\n\t\t\t\t<\/div>\n\t\t\t\t\t\t\t\t<\/div>\n\t\t\t\t<\/div>\n\t\t\t\t\t<\/div>\n\t\t<\/div>\n\t\t\t\t<div class=\"elementor-column elementor-col-50 elementor-inner-column elementor-element elementor-element-461d53a\" data-id=\"461d53a\" data-element_type=\"column\">\n\t\t\t<div class=\"elementor-widget-wrap elementor-element-populated\">\n\t\t\t\t\t\t<div class=\"elementor-element elementor-element-2a4e033 elementor-widget elementor-widget-image\" data-id=\"2a4e033\" data-element_type=\"widget\" data-widget_type=\"image.default\">\n\t\t\t\t<div class=\"elementor-widget-container\">\n\t\t\t\t\t\t\t\t\t\t\t\t\t\t\t\t<a href=\"https:\/\/www.qualispecial.de\/\" target=\"_blank\" rel=\"noopener\">\n\t\t\t\t\t\t\t<img decoding=\"async\" width=\"800\" height=\"472\" src=\"https:\/\/lfi.rwth-aachen.de\/wp-content\/uploads\/2021\/10\/quickstarter-1024x604.png\" class=\"attachment-large size-large wp-image-4330\" alt=\"\" srcset=\"https:\/\/lfi.rwth-aachen.de\/wp-content\/uploads\/2021\/10\/quickstarter-1024x604.png 1024w, https:\/\/lfi.rwth-aachen.de\/wp-content\/uploads\/2021\/10\/quickstarter-300x177.png 300w, https:\/\/lfi.rwth-aachen.de\/wp-content\/uploads\/2021\/10\/quickstarter-768x453.png 768w, https:\/\/lfi.rwth-aachen.de\/wp-content\/uploads\/2021\/10\/quickstarter-1536x906.png 1536w, https:\/\/lfi.rwth-aachen.de\/wp-content\/uploads\/2021\/10\/quickstarter-2048x1208.png 2048w, https:\/\/lfi.rwth-aachen.de\/wp-content\/uploads\/2021\/10\/quickstarter-18x12.png 18w\" sizes=\"(max-width: 800px) 100vw, 800px\" \/>\t\t\t\t\t\t\t\t<\/a>\n\t\t\t\t\t\t\t\t\t\t\t\t\t\t\t<\/div>\n\t\t\t\t<\/div>\n\t\t\t\t<div class=\"elementor-element elementor-element-9eef2c1 elementor-widget elementor-widget-heading\" data-id=\"9eef2c1\" data-element_type=\"widget\" data-widget_type=\"heading.default\">\n\t\t\t\t<div class=\"elementor-widget-container\">\n\t\t\t\t\t<h2 class=\"elementor-heading-title elementor-size-default\">Quickstarter Online Teaching<\/h2>\t\t\t\t<\/div>\n\t\t\t\t<\/div>\n\t\t\t\t<div class=\"elementor-element elementor-element-0f28707 elementor-widget elementor-widget-text-editor\" data-id=\"0f28707\" data-element_type=\"widget\" data-widget_type=\"text-editor.default\">\n\t\t\t\t<div class=\"elementor-widget-container\">\n\t\t\t\t\t\t\t\t\t<p>When the pandemic swept across the higher education landscape in early 2020, a few dedicated individuals banded together to organise a Quickstarter Online Teaching.<\/p><p>Then, on 15 April, the \"Quickstarter Online Teaching\" started and we have supported this process by providing and supporting a stand-alone <a href=\"https:\/\/www.qualispecial.de\/\" target=\"_blank\" rel=\"noopener\">Moodle-Instance.<\/a> The initiative found a lot of users and was very successful (among other things, it was awarded a Comenius EduMedia Medal). <br \/>In 2021, the second round of the qualification special was launched and you still have the opportunity to access all course materials.<\/p>\t\t\t\t\t\t\t\t<\/div>\n\t\t\t\t<\/div>\n\t\t\t\t<div class=\"elementor-element elementor-element-556a7cc elementor-absolute elementor-widget elementor-widget-button\" data-id=\"556a7cc\" data-element_type=\"widget\" data-settings=\"{&quot;_position&quot;:&quot;absolute&quot;}\" data-widget_type=\"button.default\">\n\t\t\t\t<div class=\"elementor-widget-container\">\n\t\t\t\t\t\t\t\t\t<div class=\"elementor-button-wrapper\">\n\t\t\t\t\t<a class=\"elementor-button elementor-button-link elementor-size-sm\" href=\"https:\/\/www.qualispecial.de\/\" target=\"_blank\" rel=\"noopener\">\n\t\t\t\t\t\t<span class=\"elementor-button-content-wrapper\">\n\t\t\t\t\t\t<span class=\"elementor-button-icon\">\n\t\t\t\t<i aria-hidden=\"true\" class=\"fas fa-external-link-alt\"><\/i>\t\t\t<\/span>\n\t\t\t\t\t\t\t\t\t<span class=\"elementor-button-text\">Visit Website<\/span>\n\t\t\t\t\t<\/span>\n\t\t\t\t\t<\/a>\n\t\t\t\t<\/div>\n\t\t\t\t\t\t\t\t<\/div>\n\t\t\t\t<\/div>\n\t\t\t\t<div class=\"elementor-element elementor-element-35ae974 elementor-absolute elementor-widget elementor-widget-button\" data-id=\"35ae974\" data-element_type=\"widget\" data-settings=\"{&quot;_position&quot;:&quot;absolute&quot;}\" data-widget_type=\"button.default\">\n\t\t\t\t<div class=\"elementor-widget-container\">\n\t\t\t\t\t\t\t\t\t<div class=\"elementor-button-wrapper\">\n\t\t\t\t\t<a class=\"elementor-button elementor-button-link elementor-size-sm\" href=\"https:\/\/oer-vlc.de\" target=\"_blank\" rel=\"noopener\">\n\t\t\t\t\t\t<span class=\"elementor-button-content-wrapper\">\n\t\t\t\t\t\t<span class=\"elementor-button-icon\">\n\t\t\t\t<i aria-hidden=\"true\" class=\"fas fa-external-link-alt\"><\/i>\t\t\t<\/span>\n\t\t\t\t\t\t\t\t\t<span class=\"elementor-button-text\">Visit Website<\/span>\n\t\t\t\t\t<\/span>\n\t\t\t\t\t<\/a>\n\t\t\t\t<\/div>\n\t\t\t\t\t\t\t\t<\/div>\n\t\t\t\t<\/div>\n\t\t\t\t\t<\/div>\n\t\t<\/div>\n\t\t\t\t\t<\/div>\n\t\t<\/section>\n\t\t\t\t\t<\/div>\n\t\t<\/div>\n\t\t\t\t\t<\/div>\n\t\t<\/section>\n\t\t\t\t<\/div>","protected":false},"excerpt":{"rendered":"<p>Lehrstuhl f\u00fcr Hydrologischen Wandel und Wasserressourcen-Management Seit Sommer 2010 ist der UNESCO-Lehrstuhl f\u00fcr Hydrologischen Wandel und Wasserressourcenmanagement an der RWTH Aachen angesiedelt. Die Leitung des UNESCO-Lehrstuhls obliegt dem Lehr- und Forschungsgebiet f\u00fcr Ingenieurhydrologie. Ein zentrales Mandat des UNESCO-Lehrstuhls ist die F\u00f6rderung des lebenslangen Lernens, das alle Ebenen von der fr\u00fchkindlichen Bildung bis zur Hochschulbildung und [&hellip;]<\/p>\n","protected":false},"author":1,"featured_media":0,"parent":0,"menu_order":9,"comment_status":"closed","ping_status":"closed","template":"","meta":{"footnotes":""},"class_list":["post-65","page","type-page","status-publish","hentry"],"_links":{"self":[{"href":"https:\/\/lfi.rwth-aachen.de\/en\/wp-json\/wp\/v2\/pages\/65","targetHints":{"allow":["GET"]}}],"collection":[{"href":"https:\/\/lfi.rwth-aachen.de\/en\/wp-json\/wp\/v2\/pages"}],"about":[{"href":"https:\/\/lfi.rwth-aachen.de\/en\/wp-json\/wp\/v2\/types\/page"}],"author":[{"embeddable":true,"href":"https:\/\/lfi.rwth-aachen.de\/en\/wp-json\/wp\/v2\/users\/1"}],"replies":[{"embeddable":true,"href":"https:\/\/lfi.rwth-aachen.de\/en\/wp-json\/wp\/v2\/comments?post=65"}],"version-history":[{"count":3,"href":"https:\/\/lfi.rwth-aachen.de\/en\/wp-json\/wp\/v2\/pages\/65\/revisions"}],"predecessor-version":[{"id":5149,"href":"https:\/\/lfi.rwth-aachen.de\/en\/wp-json\/wp\/v2\/pages\/65\/revisions\/5149"}],"wp:attachment":[{"href":"https:\/\/lfi.rwth-aachen.de\/en\/wp-json\/wp\/v2\/media?parent=65"}],"curies":[{"name":"wp","href":"https:\/\/api.w.org\/{rel}","templated":true}]}}